{"id":556,"date":"2014-02-24T18:45:27","date_gmt":"2014-02-24T18:45:27","guid":{"rendered":"https:\/\/puntaduarte.com\/?page_id=556"},"modified":"2020-08-11T13:03:13","modified_gmt":"2020-08-11T13:03:13","slug":"fischen","status":"publish","type":"page","link":"https:\/\/puntaduarte.com\/de\/fischen\/","title":{"rendered":"Fischen"},"content":{"rendered":"\r\n\t<div class=\"slideshow_container slideshow_container_style-light\" style=\"height: 600px; max-width: 800px;\" data-slideshow-id=\"159\" data-style-name=\"style-light\" data-style-version=\"2.3.1\" >\r\n\r\n\t\t\t\t\t<div class=\"slideshow_loading_icon\"><\/div>\r\n\t\t\r\n\t\t<div class=\"slideshow_content\" style=\"display: none;\">\r\n\r\n\t\t\t<div class=\"slideshow_view\">\r\n\t\t\t\t<div class=\"slideshow_slide slideshow_slide_image\">\r\n\t\t\t\t\t\t\t\t\t\t\t<img src=\"https:\/\/puntaduarte.com\/wp-content\/uploads\/2014\/03\/IMG_5055.jpg\" alt=\"IMG_5055\" width=\"800\" height=\"532\" \/>\r\n\t\t\t\t\t\t\t\t\t\t<div class=\"slideshow_description_box slideshow_transparent\">\r\n\t\t\t\t\t\t<div class=\"slideshow_title\">IMG_5055<\/div>\t\t\t\t\t\t\t\t\t\t\t<\/div>\r\n\t\t\t\t<\/div>\r\n\r\n\t\t\t\t\t\t<div style=\"clear: both;\"><\/div><\/div>\r\n\t\t<\/div>\r\n\r\n\t\t<div class=\"slideshow_controlPanel slideshow_transparent\" style=\"display: none;\"><ul><li class=\"slideshow_togglePlay\" data-play-text=\"Abspielen\" data-pause-text=\"Pause\"><\/li><\/ul><\/div>\r\n\r\n\t\t<div class=\"slideshow_button slideshow_previous slideshow_transparent\" role=\"button\" data-previous-text=\"Zur\u00fcck\" style=\"display: none;\"><\/div>\r\n\t\t<div class=\"slideshow_button slideshow_next slideshow_transparent\" role=\"button\" data-next-text=\"N\u00e4chstes\" style=\"display: none;\"><\/div>\r\n\r\n\t\t<div class=\"slideshow_pagination\" style=\"display: none;\" data-go-to-text=\"Gehe zum Bild\"><div class=\"slideshow_pagination_center\"><\/div><\/div>\r\n\r\n\t\t<!-- WordPress Slideshow Version 2.3.1 -->\r\n\r\n\t\t\t<\/div>\r\n\r\n\n<p>Weltklasse fischen an der K\u00fcste vor Punta Duarte Gardens.<\/p>\n<p>Wenn Sie an einer Angeltour interessiert sind kontaktieren Sie uns bitte rechtzeitig f\u00fcr Arrangements.<\/p>\n<p>Die Pazifikk\u00fcste von Panama bietet tolle Angelm\u00f6glichkeiten. Januar bis April sind die besten Monate zum Angeln.<\/p>\n<p>Weltklasse Angeln, nur ein paar Meilen vor der Kueste der Azuero Halbinsel.<\/p>\n","protected":false},"excerpt":{"rendered":"<p>Weltklasse fischen an der K\u00fcste vor Punta Duarte Gardens. Wenn Sie an einer Angeltour interessiert sind kontaktieren Sie uns bitte rechtzeitig f\u00fcr Arrangements. Die Pazifikk\u00fcste von Panama bietet tolle Angelm\u00f6glichkeiten. Januar bis April sind die besten Monate zum Angeln. Weltklasse Angeln, nur ein paar Meilen vor der Kueste der Azuero Halbinsel.<\/p>\n","protected":false},"author":1,"featured_media":0,"parent":0,"menu_order":0,"comment_status":"closed","ping_status":"closed","template":"","meta":{"footnotes":""},"class_list":["post-556","page","type-page","status-publish","hentry"],"_links":{"self":[{"href":"https:\/\/puntaduarte.com\/de\/wp-json\/wp\/v2\/pages\/556","targetHints":{"allow":["GET"]}}],"collection":[{"href":"https:\/\/puntaduarte.com\/de\/wp-json\/wp\/v2\/pages"}],"about":[{"href":"https:\/\/puntaduarte.com\/de\/wp-json\/wp\/v2\/types\/page"}],"author":[{"embeddable":true,"href":"https:\/\/puntaduarte.com\/de\/wp-json\/wp\/v2\/users\/1"}],"replies":[{"embeddable":true,"href":"https:\/\/puntaduarte.com\/de\/wp-json\/wp\/v2\/comments?post=556"}],"version-history":[{"count":4,"href":"https:\/\/puntaduarte.com\/de\/wp-json\/wp\/v2\/pages\/556\/revisions"}],"predecessor-version":[{"id":169326,"href":"https:\/\/puntaduarte.com\/de\/wp-json\/wp\/v2\/pages\/556\/revisions\/169326"}],"wp:attachment":[{"href":"https:\/\/puntaduarte.com\/de\/wp-json\/wp\/v2\/media?parent=556"}],"curies":[{"name":"wp","href":"https:\/\/api.w.org\/{rel}","templated":true}]}}