{"id":560,"date":"2014-02-24T18:42:14","date_gmt":"2014-02-24T18:42:14","guid":{"rendered":"https:\/\/puntaduarte.com\/?page_id=560"},"modified":"2021-07-15T08:05:11","modified_gmt":"2021-07-15T13:05:11","slug":"lage","status":"publish","type":"page","link":"https:\/\/puntaduarte.com\/de\/lage\/","title":{"rendered":"Lage"},"content":{"rendered":"<p><iframe id=\"gmap_canvas\" style=\"width: 800px; height: 420px;\" src=\"https:\/\/maps.google.com\/maps?cid=13105886145091988029&amp;t=k&amp;z=12&amp;ie=UTF8&amp;iwloc=&amp;output=embed\" frameborder=\"0\" scrolling=\"no\"><\/iframe><\/p>\n<p>Von Panama City kommend:<\/p>\n<p>Auf der Interamericana Richtung Santiago\/Veraguas bis zu der Kreuzung San Antonio. San Antonio liegt ca 5 km vor Santiago.<br \/>\nDort links abbiegen nach Atalaya.<br \/>\nIn Atalaya nach der Tankstelle rechts abbiegen und dem Schild \u201cPlayas\u201d folgen.<br \/>\nFahren Sie weiter nach Mariato und Torio. 5 km nach Torio erreichen Sie rechts unsere Einfahrt.<br \/>\nVon der Stra\u00dfenzufahrt zum Hotel sind es noch 3,6 km auf einer unbefestigten Stra\u00dfe. W\u00e4hrend der Regenzeit wird ein Fahrzeug mit Allradantrieb oder ein SUV mit ausreichender Bodenfreiheit <strong>dringend empfohlen<\/strong>.<\/p>\n<p>Wir sind in einer gated community deshalb <strong>bitte vorher telefonisch Anmelden<\/strong>. Unsere Telefon- und Whatsapp-Nummer lautet:<br \/>\n<a href=\"tel:+50761527817\">+507 6152 7817<\/a><\/p>\n<p>Punta Duarte &#8211; Santiago de Veraguas ca. 2 Std.<br \/>\nPunta Duarte &#8211; Panama-Stadt 5-6 Std.<br \/>\nDie Entfernung nach Panama City betr\u00e4gt 305 km Panama City nach San Antonio &#8211; 4-spurige Autobahn.<\/p>\n","protected":false},"excerpt":{"rendered":"<p>Von Panama City kommend: Auf der Interamericana Richtung Santiago\/Veraguas bis zu der Kreuzung San Antonio. San Antonio liegt ca 5 km vor Santiago. Dort links abbiegen nach Atalaya. In Atalaya nach der Tankstelle rechts abbiegen und dem Schild \u201cPlayas\u201d folgen. Fahren Sie weiter nach Mariato und Torio. 5 km nach Torio erreichen Sie rechts unsere [&hellip;]<\/p>\n","protected":false},"author":1,"featured_media":0,"parent":0,"menu_order":0,"comment_status":"closed","ping_status":"open","template":"","meta":{"footnotes":""},"class_list":["post-560","page","type-page","status-publish","hentry"],"_links":{"self":[{"href":"https:\/\/puntaduarte.com\/de\/wp-json\/wp\/v2\/pages\/560","targetHints":{"allow":["GET"]}}],"collection":[{"href":"https:\/\/puntaduarte.com\/de\/wp-json\/wp\/v2\/pages"}],"about":[{"href":"https:\/\/puntaduarte.com\/de\/wp-json\/wp\/v2\/types\/page"}],"author":[{"embeddable":true,"href":"https:\/\/puntaduarte.com\/de\/wp-json\/wp\/v2\/users\/1"}],"replies":[{"embeddable":true,"href":"https:\/\/puntaduarte.com\/de\/wp-json\/wp\/v2\/comments?post=560"}],"version-history":[{"count":7,"href":"https:\/\/puntaduarte.com\/de\/wp-json\/wp\/v2\/pages\/560\/revisions"}],"predecessor-version":[{"id":232121,"href":"https:\/\/puntaduarte.com\/de\/wp-json\/wp\/v2\/pages\/560\/revisions\/232121"}],"wp:attachment":[{"href":"https:\/\/puntaduarte.com\/de\/wp-json\/wp\/v2\/media?parent=560"}],"curies":[{"name":"wp","href":"https:\/\/api.w.org\/{rel}","templated":true}]}}