{"id":564,"date":"2014-02-24T18:26:11","date_gmt":"2014-02-24T18:26:11","guid":{"rendered":"https:\/\/puntaduarte.com\/?page_id=564"},"modified":"2024-04-17T12:25:38","modified_gmt":"2024-04-17T17:25:38","slug":"zimmer","status":"publish","type":"page","link":"https:\/\/puntaduarte.com\/de\/zimmer\/","title":{"rendered":"Zimmer"},"content":{"rendered":"<p>Erleben Sie Komfort und Ruhe in unseren sch\u00f6n gestalteten Zimmern im Hotel Punta Duarte Garden Inn. Jedes unserer Zimmer bietet eine einzigartige Kombination aus Komfort und Annehmlichkeiten, die einen erholsamen Aufenthalt f\u00fcr unsere G\u00e4ste gew\u00e4hrleisten.<\/p>\n<p><strong>Ixora:<br \/>\n<\/strong>Kingsize-Bett, Klimaanlage, Bad, kleiner K\u00fchlschrank, gro\u00dfer privater Balkon.<br \/>\n<a href=\"https:\/\/puntaduarte.com\/room-1\/\">mehr Details<\/a> | <a href=\"https:\/\/hotels.cloudbeds.com\/de\/reservation\/hRaj8M#tab_rate_id_description_591409\">JETZT BUCHEN<\/a> mit dem besten Preis \u00fcber unsere Website.<\/p>\n<p><strong>Orchidea:<br \/>\n<\/strong>Kingsize-Bett, Klimaanlage, Bad, kleiner K\u00fchlschrank, privater Balkon, mit Blick auf den Pool und den Strand.<br \/>\n<a href=\"https:\/\/puntaduarte.com\/room-2\/\">mehr Details<\/a> | <a href=\"https:\/\/hotels.cloudbeds.com\/de\/reservation\/hRaj8M#tab_rate_id_description_591448\">JETZT BUCHEN<\/a> mit dem besten Preis \u00fcber unsere Website.<\/p>\n<p><strong>Acacia:<br \/>\n<\/strong>Kingsize-Bett, Klimaanlage, Bad, kleiner K\u00fchlschrank, privater Balkon, mit Blick auf den Pool, die Barriereinsel und den Strand.<br \/>\n<a href=\"https:\/\/puntaduarte.com\/room-4\/\">mehr Details<\/a> | <a href=\"https:\/\/hotels.cloudbeds.com\/de\/reservation\/hRaj8M#tab_rate_id_description_591444\">JETZT BUCHEN<\/a> mit dem besten Preis \u00fcber unsere Website.<\/p>\n<p><strong>Anthurium:<br \/>\n<\/strong>Kingsize-Bett, Klimaanlage, Bad, kleiner K\u00fchlschrank, Terrasse, Blick auf den Pool.<br \/>\n<a href=\"https:\/\/puntaduarte.com\/anthurium\/\">mehr Details<\/a> | <a href=\"https:\/\/hotels.cloudbeds.com\/de\/reservation\/hRaj8M#tab_rate_id_description_591473\">JETZT BUCHEN<\/a> mit dem besten Preis \u00fcber unsere Website.<\/p>\n<p><strong>Heliconia:<br \/>\n<\/strong>Kingsize-Bett, Klimaanlage, Bad, kleiner K\u00fchlschrank, privater Balkon, mit Blick auf den Pool und den Strand.<br \/>\n<a href=\"https:\/\/puntaduarte.com\/de\/heliconia-2\/\">mehr Details<\/a> | <a href=\"https:\/\/hotels.cloudbeds.com\/de\/reservation\/hRaj8M#tab_rate_id_description_591458\">JETZT BUCHEN<\/a> mit dem besten Preis \u00fcber unsere Website.<\/p>\n<p><strong>Plumeria:<br \/>\n<\/strong>Kingsize-Bett, Klimaanlage, Bad, Kochnische\/Mikrowelle, kleiner K\u00fchlschrank, Blick auf den Garten und die K\u00fcste im S\u00fcden.<br \/>\n<a href=\"https:\/\/puntaduarte.com\/room-5\/\">mehr Details<\/a> | <a href=\"https:\/\/hotels.cloudbeds.com\/de\/reservation\/hRaj8M#tab_rate_id_description_591478\">JETZT BUCHEN<\/a> mit dem besten Preis \u00fcber unsere Website.<\/p>\n<p><strong>Papo:<br \/>\n<\/strong>Kingsize-Bett und ein Twin-Size-Bett, AC, Bad, kleiner K\u00fchlschrank, gro\u00dfe Terrasse mit Blick auf den Pool und die Barriereinsel.<br \/>\n<a href=\"https:\/\/puntaduarte.com\/room-6\/\">mehr Details<\/a> | <a href=\"https:\/\/hotels.cloudbeds.com\/de\/reservation\/hRaj8M#tab_rate_id_description_591476\">JETZT BUCHEN<\/a> mit dem besten Preis \u00fcber unsere Website.<\/p>\n<p><strong>Ylang-ylang:<br \/>\n<\/strong>2 Queensize-Betten, 1 Einzelbett, Klimaanlage, Bad, voll ausgestattete K\u00fcche, sehr gro\u00dfer privater Balkon mit Pool- und Meerblick.<br \/>\n<a href=\"https:\/\/puntaduarte.com\/room-3\/\">mehr Details<\/a> | <a href=\"https:\/\/hotels.cloudbeds.com\/de\/reservation\/hRaj8M#tab_rate_id_description_591453\">JETZT BUCHEN<\/a> mit dem besten Preis \u00fcber unsere Website.<\/p>\n<p>In dem kleinen Dorf Mariato (Llano de Catival) finden Sie eine Bank mit Geldautomat, 2 Superm\u00e4rkte, eine Tankstelle (95, 91 und Diesel), einen Eisenwarenladen, eine Apotheke, ein Gesundheitszentrum und mehrere kleine Restaurants. Die Entfernung nach Mariato betr\u00e4gt ca. 23 km.<\/p>\n","protected":false},"excerpt":{"rendered":"<p>Erleben Sie Komfort und Ruhe in unseren sch\u00f6n gestalteten Zimmern im Hotel Punta Duarte Garden Inn. Jedes unserer Zimmer bietet eine einzigartige Kombination aus Komfort und Annehmlichkeiten, die einen erholsamen Aufenthalt f\u00fcr unsere G\u00e4ste gew\u00e4hrleisten. Ixora: Kingsize-Bett, Klimaanlage, Bad, kleiner K\u00fchlschrank, gro\u00dfer privater Balkon. mehr Details | JETZT BUCHEN mit dem besten Preis \u00fcber unsere [&hellip;]<\/p>\n","protected":false},"author":1,"featured_media":0,"parent":0,"menu_order":0,"comment_status":"closed","ping_status":"open","template":"","meta":{"footnotes":""},"class_list":["post-564","page","type-page","status-publish","hentry"],"_links":{"self":[{"href":"https:\/\/puntaduarte.com\/de\/wp-json\/wp\/v2\/pages\/564","targetHints":{"allow":["GET"]}}],"collection":[{"href":"https:\/\/puntaduarte.com\/de\/wp-json\/wp\/v2\/pages"}],"about":[{"href":"https:\/\/puntaduarte.com\/de\/wp-json\/wp\/v2\/types\/page"}],"author":[{"embeddable":true,"href":"https:\/\/puntaduarte.com\/de\/wp-json\/wp\/v2\/users\/1"}],"replies":[{"embeddable":true,"href":"https:\/\/puntaduarte.com\/de\/wp-json\/wp\/v2\/comments?post=564"}],"version-history":[{"count":23,"href":"https:\/\/puntaduarte.com\/de\/wp-json\/wp\/v2\/pages\/564\/revisions"}],"predecessor-version":[{"id":238064,"href":"https:\/\/puntaduarte.com\/de\/wp-json\/wp\/v2\/pages\/564\/revisions\/238064"}],"wp:attachment":[{"href":"https:\/\/puntaduarte.com\/de\/wp-json\/wp\/v2\/media?parent=564"}],"curies":[{"name":"wp","href":"https:\/\/api.w.org\/{rel}","templated":true}]}}