{"id":543,"date":"2014-03-11T21:47:42","date_gmt":"2014-03-11T21:47:42","guid":{"rendered":"https:\/\/puntaduarte.com\/?page_id=543"},"modified":"2024-04-17T11:21:18","modified_gmt":"2024-04-17T16:21:18","slug":"room-3","status":"publish","type":"page","link":"https:\/\/puntaduarte.com\/es\/room-3\/","title":{"rendered":"Ylang-ylang"},"content":{"rendered":"<p>2 camas queen size, cocina totalmente equipada y amplio balc\u00f3n privado con vista a la piscina, la isla barrera y la playa. La habitaci\u00f3n est\u00e1 en el primer piso de nuestra casa.<br \/>\n<a href=\"https:\/\/hotels.cloudbeds.com\/es\/reservation\/hRaj8M#tab_rate_id_description_591453\">reserve ahora<\/a> con la mejor tarifa en nuestro sitio web.<\/p>\n\r\n\t<div class=\"slideshow_container slideshow_container_style-light\" style=\"height: 600px; max-width: 800px;\" data-slideshow-id=\"220\" data-style-name=\"style-light\" data-style-version=\"2.3.1\" >\r\n\r\n\t\t\t\t\t<div class=\"slideshow_loading_icon\"><\/div>\r\n\t\t\r\n\t\t<div class=\"slideshow_content\" style=\"display: none;\">\r\n\r\n\t\t\t<div class=\"slideshow_view\">\r\n\t\t\t\t<div class=\"slideshow_slide slideshow_slide_image\">\r\n\t\t\t\t\t\t\t\t\t\t\t<img src=\"https:\/\/puntaduarte.com\/wp-content\/uploads\/2020\/08\/190116-172027-4.jpg\" alt=\"Ylang-ylang\" width=\"1950\" height=\"1300\" \/>\r\n\t\t\t\t\t\t\t\t\t\t<div class=\"slideshow_description_box slideshow_transparent\">\r\n\t\t\t\t\t\t<div class=\"slideshow_title\">190116-172027<\/div>\t\t\t\t\t\t\t\t\t\t\t<\/div>\r\n\t\t\t\t<\/div>\r\n\r\n\t\t\t\t\t\t<div style=\"clear: both;\"><\/div><\/div><div class=\"slideshow_view\">\r\n\t\t\t\t<div class=\"slideshow_slide slideshow_slide_image\">\r\n\t\t\t\t\t\t\t\t\t\t\t<img src=\"https:\/\/puntaduarte.com\/wp-content\/uploads\/2020\/08\/DSC8228.jpg\" alt=\"_DSC8228\" width=\"2300\" height=\"1533\" \/>\r\n\t\t\t\t\t\t\t\t\t\t<div class=\"slideshow_description_box slideshow_transparent\">\r\n\t\t\t\t\t\t<div class=\"slideshow_title\">_DSC8228<\/div>\t\t\t\t\t\t\t\t\t\t\t<\/div>\r\n\t\t\t\t<\/div>\r\n\r\n\t\t\t\t\t\t<div style=\"clear: both;\"><\/div><\/div><div class=\"slideshow_view\">\r\n\t\t\t\t<div class=\"slideshow_slide slideshow_slide_image\">\r\n\t\t\t\t\t\t\t\t\t\t\t<img src=\"https:\/\/puntaduarte.com\/wp-content\/uploads\/2020\/08\/190116-172654-1.jpg\" alt=\"190116-172654\" width=\"2000\" height=\"1333\" \/>\r\n\t\t\t\t\t\t\t\t\t\t<div class=\"slideshow_description_box slideshow_transparent\">\r\n\t\t\t\t\t\t<div class=\"slideshow_title\">190116-172654<\/div>\t\t\t\t\t\t\t\t\t\t\t<\/div>\r\n\t\t\t\t<\/div>\r\n\r\n\t\t\t\t\t\t<div style=\"clear: both;\"><\/div><\/div><div class=\"slideshow_view\">\r\n\t\t\t\t<div class=\"slideshow_slide slideshow_slide_image\">\r\n\t\t\t\t\t\t\t\t\t\t\t<img src=\"https:\/\/puntaduarte.com\/wp-content\/uploads\/2020\/08\/190116-172810-1.jpg\" alt=\"190116-172810\" width=\"2300\" height=\"1533\" \/>\r\n\t\t\t\t\t\t\t\t\t\t<div class=\"slideshow_description_box slideshow_transparent\">\r\n\t\t\t\t\t\t<div class=\"slideshow_title\">190116-172810<\/div>\t\t\t\t\t\t\t\t\t\t\t<\/div>\r\n\t\t\t\t<\/div>\r\n\r\n\t\t\t\t\t\t<div style=\"clear: both;\"><\/div><\/div><div class=\"slideshow_view\">\r\n\t\t\t\t<div class=\"slideshow_slide slideshow_slide_image\">\r\n\t\t\t\t\t\t\t\t\t\t\t<img src=\"https:\/\/puntaduarte.com\/wp-content\/uploads\/2020\/08\/190116-172654-1.jpg\" alt=\"190116-172654\" width=\"2000\" height=\"1333\" \/>\r\n\t\t\t\t\t\t\t\t\t\t<div class=\"slideshow_description_box slideshow_transparent\">\r\n\t\t\t\t\t\t<div class=\"slideshow_title\">190116-172654<\/div>\t\t\t\t\t\t\t\t\t\t\t<\/div>\r\n\t\t\t\t<\/div>\r\n\r\n\t\t\t\t\t\t<div style=\"clear: both;\"><\/div><\/div><div class=\"slideshow_view\">\r\n\t\t\t\t<div class=\"slideshow_slide slideshow_slide_image\">\r\n\t\t\t\t\t\t\t\t\t\t\t<img src=\"https:\/\/puntaduarte.com\/wp-content\/uploads\/2020\/08\/190116-173149.jpg\" alt=\"190116-173149\" width=\"2109\" height=\"1479\" \/>\r\n\t\t\t\t\t\t\t\t\t\t<div class=\"slideshow_description_box slideshow_transparent\">\r\n\t\t\t\t\t\t<div class=\"slideshow_title\">190116-173149<\/div>\t\t\t\t\t\t\t\t\t\t\t<\/div>\r\n\t\t\t\t<\/div>\r\n\r\n\t\t\t\t\t\t<div style=\"clear: both;\"><\/div><\/div><div class=\"slideshow_view\">\r\n\t\t\t\t<div class=\"slideshow_slide slideshow_slide_image\">\r\n\t\t\t\t\t\t\t\t\t\t\t<img src=\"https:\/\/puntaduarte.com\/wp-content\/uploads\/2020\/08\/190116-173306.jpg\" alt=\"190116-173306\" width=\"2300\" height=\"1533\" \/>\r\n\t\t\t\t\t\t\t\t\t\t<div class=\"slideshow_description_box slideshow_transparent\">\r\n\t\t\t\t\t\t<div class=\"slideshow_title\">190116-173306<\/div>\t\t\t\t\t\t\t\t\t\t\t<\/div>\r\n\t\t\t\t<\/div>\r\n\r\n\t\t\t\t\t\t<div style=\"clear: both;\"><\/div><\/div><div class=\"slideshow_view\">\r\n\t\t\t\t<div class=\"slideshow_slide slideshow_slide_image\">\r\n\t\t\t\t\t\t\t\t\t\t\t<img src=\"https:\/\/puntaduarte.com\/wp-content\/uploads\/2017\/06\/037-1.jpg\" alt=\"037\" width=\"2000\" height=\"1234\" \/>\r\n\t\t\t\t\t\t\t\t\t\t<div class=\"slideshow_description_box slideshow_transparent\">\r\n\t\t\t\t\t\t<div class=\"slideshow_title\">037<\/div>\t\t\t\t\t\t\t\t\t\t\t<\/div>\r\n\t\t\t\t<\/div>\r\n\r\n\t\t\t\t\t\t<div style=\"clear: both;\"><\/div><\/div><div class=\"slideshow_view\">\r\n\t\t\t\t<div class=\"slideshow_slide slideshow_slide_image\">\r\n\t\t\t\t\t\t\t\t\t\t\t<img src=\"https:\/\/puntaduarte.com\/wp-content\/uploads\/2014\/03\/Room3ViewRight-2.jpg\" alt=\"Room3ViewRight-(2)\" width=\"800\" height=\"534\" \/>\r\n\t\t\t\t\t\t\t\t\t\t<div class=\"slideshow_description_box slideshow_transparent\">\r\n\t\t\t\t\t\t<div class=\"slideshow_title\">Room3ViewRight-(2)<\/div>\t\t\t\t\t\t\t\t\t\t\t<\/div>\r\n\t\t\t\t<\/div>\r\n\r\n\t\t\t\t\t\t<div style=\"clear: both;\"><\/div><\/div><div class=\"slideshow_view\">\r\n\t\t\t\t<div class=\"slideshow_slide slideshow_slide_image\">\r\n\t\t\t\t\t\t\t\t\t\t\t<img src=\"https:\/\/puntaduarte.com\/wp-content\/uploads\/2014\/03\/Room3ViewLeft-1.jpg\" alt=\"Room3ViewLeft-(1)\" width=\"800\" height=\"534\" \/>\r\n\t\t\t\t\t\t\t\t\t\t<div class=\"slideshow_description_box slideshow_transparent\">\r\n\t\t\t\t\t\t<div class=\"slideshow_title\">Room3ViewLeft-(1)<\/div>\t\t\t\t\t\t\t\t\t\t\t<\/div>\r\n\t\t\t\t<\/div>\r\n\r\n\t\t\t\t\t\t<div style=\"clear: both;\"><\/div><\/div><div class=\"slideshow_view\">\r\n\t\t\t\t<div class=\"slideshow_slide slideshow_slide_image\">\r\n\t\t\t\t\t\t\t\t\t\t\t<img src=\"https:\/\/puntaduarte.com\/wp-content\/uploads\/2014\/03\/3_Terrace.jpg\" alt=\"3_Terrace\" width=\"800\" height=\"534\" \/>\r\n\t\t\t\t\t\t\t\t\t\t<div class=\"slideshow_description_box slideshow_transparent\">\r\n\t\t\t\t\t\t<div class=\"slideshow_title\">3_Terrace<\/div>\t\t\t\t\t\t\t\t\t\t\t<\/div>\r\n\t\t\t\t<\/div>\r\n\r\n\t\t\t\t\t\t<div style=\"clear: both;\"><\/div><\/div><div class=\"slideshow_view\">\r\n\t\t\t\t<div class=\"slideshow_slide slideshow_slide_image\">\r\n\t\t\t\t\t\t\t\t\t\t\t<img src=\"https:\/\/puntaduarte.com\/wp-content\/uploads\/2014\/03\/3_a.jpg\" alt=\"3_a\" width=\"800\" height=\"534\" \/>\r\n\t\t\t\t\t\t\t\t\t\t<div class=\"slideshow_description_box slideshow_transparent\">\r\n\t\t\t\t\t\t<div class=\"slideshow_title\">3_a<\/div>\t\t\t\t\t\t\t\t\t\t\t<\/div>\r\n\t\t\t\t<\/div>\r\n\r\n\t\t\t\t\t\t<div style=\"clear: both;\"><\/div><\/div><div class=\"slideshow_view\">\r\n\t\t\t\t<div class=\"slideshow_slide slideshow_slide_image\">\r\n\t\t\t\t\t\t\t\t\t\t\t<img src=\"https:\/\/puntaduarte.com\/wp-content\/uploads\/2014\/03\/3.jpg\" alt=\"3\" width=\"800\" height=\"534\" \/>\r\n\t\t\t\t\t\t\t\t\t\t<div class=\"slideshow_description_box slideshow_transparent\">\r\n\t\t\t\t\t\t<div class=\"slideshow_title\">3<\/div>\t\t\t\t\t\t\t\t\t\t\t<\/div>\r\n\t\t\t\t<\/div>\r\n\r\n\t\t\t\t\t\t<div style=\"clear: both;\"><\/div><\/div>\r\n\t\t<\/div>\r\n\r\n\t\t<div class=\"slideshow_controlPanel slideshow_transparent\" style=\"display: none;\"><ul><li class=\"slideshow_togglePlay\" data-play-text=\"Play\" data-pause-text=\"Pause\"><\/li><\/ul><\/div>\r\n\r\n\t\t<div class=\"slideshow_button slideshow_previous slideshow_transparent\" role=\"button\" data-previous-text=\"Previous\" style=\"display: none;\"><\/div>\r\n\t\t<div class=\"slideshow_button slideshow_next slideshow_transparent\" role=\"button\" data-next-text=\"Next\" style=\"display: none;\"><\/div>\r\n\r\n\t\t<div class=\"slideshow_pagination\" style=\"display: none;\" data-go-to-text=\"Go to slide\"><div class=\"slideshow_pagination_center\"><\/div><\/div>\r\n\r\n\t\t<!-- WordPress Slideshow Version 2.3.1 -->\r\n\r\n\t\t\t<\/div>\r\n\r\n\n<p>La superficie habitable es de aproximadamente 75m\u00b2. La terraza privada tiene 35m\u00b2<\/p>\n<p>La cocina est\u00e1 equipada con cafetera, refrigerador, estufa y horno. Vajilla, cuberter\u00eda y vasos est\u00e1n disponibles.<br \/>\nTiene tambi\u00e9n una barra de desayuno con 3 taburetes en el balc\u00f3n.<\/p>\n<p>Desde su balc\u00f3n en el primer piso tiene una vista del Golfo de Montijo con las islas Cebaco y Leone, y a la playa.<\/p>\n","protected":false},"excerpt":{"rendered":"<p>2 camas queen size, cocina totalmente equipada y amplio balc\u00f3n privado con vista a la piscina, la isla barrera y la playa. La habitaci\u00f3n est\u00e1 en el primer piso de nuestra casa. reserve ahora con la mejor tarifa en nuestro sitio web. La superficie habitable es de aproximadamente 75m\u00b2. La terraza privada tiene 35m\u00b2 La [&hellip;]<\/p>\n","protected":false},"author":1,"featured_media":0,"parent":0,"menu_order":0,"comment_status":"closed","ping_status":"closed","template":"","meta":{"footnotes":""},"class_list":["post-543","page","type-page","status-publish","hentry"],"_links":{"self":[{"href":"https:\/\/puntaduarte.com\/es\/wp-json\/wp\/v2\/pages\/543","targetHints":{"allow":["GET"]}}],"collection":[{"href":"https:\/\/puntaduarte.com\/es\/wp-json\/wp\/v2\/pages"}],"about":[{"href":"https:\/\/puntaduarte.com\/es\/wp-json\/wp\/v2\/types\/page"}],"author":[{"embeddable":true,"href":"https:\/\/puntaduarte.com\/es\/wp-json\/wp\/v2\/users\/1"}],"replies":[{"embeddable":true,"href":"https:\/\/puntaduarte.com\/es\/wp-json\/wp\/v2\/comments?post=543"}],"version-history":[{"count":9,"href":"https:\/\/puntaduarte.com\/es\/wp-json\/wp\/v2\/pages\/543\/revisions"}],"predecessor-version":[{"id":238013,"href":"https:\/\/puntaduarte.com\/es\/wp-json\/wp\/v2\/pages\/543\/revisions\/238013"}],"wp:attachment":[{"href":"https:\/\/puntaduarte.com\/es\/wp-json\/wp\/v2\/media?parent=543"}],"curies":[{"name":"wp","href":"https:\/\/api.w.org\/{rel}","templated":true}]}}