{"id":561,"date":"2014-02-24T18:42:14","date_gmt":"2014-02-24T18:42:14","guid":{"rendered":"https:\/\/puntaduarte.com\/?page_id=561"},"modified":"2021-07-15T08:03:19","modified_gmt":"2021-07-15T13:03:19","slug":"location","status":"publish","type":"page","link":"https:\/\/puntaduarte.com\/es\/location\/","title":{"rendered":"Ubicaci\u00f3n"},"content":{"rendered":"<p><iframe id=\"gmap_canvas\" style=\"width: 800px; height: 420px;\" src=\"https:\/\/maps.google.com\/maps?cid=13105886145091988029&amp;t=k&amp;z=12&amp;ie=UTF8&amp;iwloc=&amp;output=embed\" frameborder=\"0\" scrolling=\"no\"><\/iframe><\/p>\n<p>Si nos visita desde la Ciudad de Panam\u00e1:<\/p>\n<p>Tome la Interamericana hacia Santiago \/ Veraguas. 5 km antes de Santiago est\u00e1 San Antonio.<br \/>\nDesde la Carretera Interamericana en San Antonio, gire a la izquierda hacia Atalaya (km 4).<br \/>\nEn Atalaya, despu\u00e9s de la gasolinera y el supermercado chino, gire a la derecha hacia Playas.<br \/>\nDespu\u00e9s de 18 km se llega a Ponuga (km 22 de la Interamericana), gire a la derecha en Mariato.<br \/>\nDe Mariato (km 52) a Torio (66 km).<br \/>\nDesde Torio 5 km m\u00e1s hasta nuestra entrada por el lado derecho (71 km).<br \/>\nDesde la entrada al hotel son otros 3,6 km por un camino sin asfaltar. Un veh\u00edculo con tracci\u00f3n a las cuatro ruedas o un SUV con una distancia suficiente es <strong>muy recomendable<\/strong> durante la estaci\u00f3n lluviosa.<\/p>\n<p>Estamos en una comunidad privada, as\u00ed que por favor <strong>ll\u00e1menos con anticipaci\u00f3n.<\/strong>.<br \/>\nNuestro n\u00famero telef\u00f3nico y Whatsapp es:<br \/>\n<a href=\"tel:+50761527817\">+507 6152 7817<\/a><\/p>\n<p>Punta Duarte &#8211; Santiago approx. 2 horas<br \/>\nPunta Duarte &#8211; Ciudad de Panam\u00e1 5-6 horas<br \/>\nLa distancia a Ciudad de Panam\u00e1 es de 305 km Ciudad de Panam\u00e1 a San Antonio &#8211; Autopista de 4 carriles.<\/p>\n","protected":false},"excerpt":{"rendered":"<p>Si nos visita desde la Ciudad de Panam\u00e1: Tome la Interamericana hacia Santiago \/ Veraguas. 5 km antes de Santiago est\u00e1 San Antonio. Desde la Carretera Interamericana en San Antonio, gire a la izquierda hacia Atalaya (km 4). En Atalaya, despu\u00e9s de la gasolinera y el supermercado chino, gire a la derecha hacia Playas. Despu\u00e9s [&hellip;]<\/p>\n","protected":false},"author":1,"featured_media":0,"parent":0,"menu_order":0,"comment_status":"closed","ping_status":"open","template":"","meta":{"footnotes":""},"class_list":["post-561","page","type-page","status-publish","hentry"],"_links":{"self":[{"href":"https:\/\/puntaduarte.com\/es\/wp-json\/wp\/v2\/pages\/561","targetHints":{"allow":["GET"]}}],"collection":[{"href":"https:\/\/puntaduarte.com\/es\/wp-json\/wp\/v2\/pages"}],"about":[{"href":"https:\/\/puntaduarte.com\/es\/wp-json\/wp\/v2\/types\/page"}],"author":[{"embeddable":true,"href":"https:\/\/puntaduarte.com\/es\/wp-json\/wp\/v2\/users\/1"}],"replies":[{"embeddable":true,"href":"https:\/\/puntaduarte.com\/es\/wp-json\/wp\/v2\/comments?post=561"}],"version-history":[{"count":13,"href":"https:\/\/puntaduarte.com\/es\/wp-json\/wp\/v2\/pages\/561\/revisions"}],"predecessor-version":[{"id":232120,"href":"https:\/\/puntaduarte.com\/es\/wp-json\/wp\/v2\/pages\/561\/revisions\/232120"}],"wp:attachment":[{"href":"https:\/\/puntaduarte.com\/es\/wp-json\/wp\/v2\/media?parent=561"}],"curies":[{"name":"wp","href":"https:\/\/api.w.org\/{rel}","templated":true}]}}