{"id":569,"date":"2014-02-24T17:07:45","date_gmt":"2014-02-24T17:07:45","guid":{"rendered":"https:\/\/puntaduarte.com\/?page_id=569"},"modified":"2021-07-15T18:09:33","modified_gmt":"2021-07-15T23:09:33","slug":"home","status":"publish","type":"page","link":"https:\/\/puntaduarte.com\/es\/","title":{"rendered":"Home"},"content":{"rendered":"<p><div class=\"et_pb_section et_pb_fullwidth_section et_section_regular\">\n\t\t\t\n\t\t\t\n\t\t\t\t\n\t\t\t\t<div class=\"et_pb_slider et_pb_slider_parallax et_slider_auto et_slider_speed_7000\">\n\t\t\t<div class=\"et_pb_slides\">\n\t\t\t\t<div class=\"et_pb_slide et_pb_bg_layout_dark et_pb_media_alignment_center\" style='background-color:#ffffff;'>\n\t\t\t<div class=\"et_parallax_bg\" style=\"background-image: url(https:\/\/puntaduarte.com\/wp-content\/uploads\/2014\/02\/panama-ecolodge.jpg);\"><\/div>\n\t\t\t<div class=\"et_pb_container clearfix\">\n\t\t\t\t\n\t\t\t\t<div class=\"et_pb_slide_description\">\n\t\t\t\t\t\n\t\t\t\t\t<div class=\"et_pb_slide_content\"><\/div>\n\t\t\t\t\t\n\t\t\t\t<\/div> <!-- .et_pb_slide_description -->\n\t\t\t<\/div> <!-- .et_pb_container -->\n\t\t\t\n\t\t<\/div> <!-- .et_pb_slide -->\n\t\t<div class=\"et_pb_slide et_pb_bg_layout_dark et_pb_media_alignment_center\" style='background-color:#ffffff;'>\n\t\t\t<div class=\"et_parallax_bg\" style=\"background-image: url(https:\/\/puntaduarte.com\/wp-content\/uploads\/2014\/02\/punta-duarte-panama.jpg);\"><\/div>\n\t\t\t<div class=\"et_pb_container clearfix\">\n\t\t\t\t\n\t\t\t\t<div class=\"et_pb_slide_description\">\n\t\t\t\t\t\n\t\t\t\t\t<div class=\"et_pb_slide_content\"><\/div>\n\t\t\t\t\t\n\t\t\t\t<\/div> <!-- .et_pb_slide_description -->\n\t\t\t<\/div> <!-- .et_pb_container -->\n\t\t\t\n\t\t<\/div> <!-- .et_pb_slide -->\n\t\t<div class=\"et_pb_slide et_pb_bg_layout_dark et_pb_media_alignment_center\" style='background-color:#ffffff;'>\n\t\t\t<div class=\"et_parallax_bg\" style=\"background-image: url(https:\/\/puntaduarte.com\/wp-content\/uploads\/2014\/02\/bed-and-breakfast-panama.jpg);\"><\/div>\n\t\t\t<div class=\"et_pb_container clearfix\">\n\t\t\t\t\n\t\t\t\t<div class=\"et_pb_slide_description\">\n\t\t\t\t\t\n\t\t\t\t\t<div class=\"et_pb_slide_content\"><\/div>\n\t\t\t\t\t\n\t\t\t\t<\/div> <!-- .et_pb_slide_description -->\n\t\t\t<\/div> <!-- .et_pb_container -->\n\t\t\t\n\t\t<\/div> <!-- .et_pb_slide -->\n\t\t<div class=\"et_pb_slide et_pb_bg_layout_dark et_pb_media_alignment_center\" style='background-color:#ffffff;'>\n\t\t\t<div class=\"et_parallax_bg\" style=\"background-image: url(https:\/\/puntaduarte.com\/wp-content\/uploads\/2014\/02\/punta-duarte-7d.jpg);\"><\/div>\n\t\t\t<div class=\"et_pb_container clearfix\">\n\t\t\t\t\n\t\t\t\t<div class=\"et_pb_slide_description\">\n\t\t\t\t\t\n\t\t\t\t\t<div class=\"et_pb_slide_content\"><\/div>\n\t\t\t\t\t\n\t\t\t\t<\/div> <!-- .et_pb_slide_description -->\n\t\t\t<\/div> <!-- .et_pb_container -->\n\t\t\t\n\t\t<\/div> <!-- .et_pb_slide -->\n\t\t<div class=\"et_pb_slide et_pb_bg_layout_dark et_pb_media_alignment_center\" style='background-color:#ffffff;'>\n\t\t\t<div class=\"et_parallax_bg\" style=\"background-image: url(https:\/\/puntaduarte.com\/wp-content\/uploads\/2014\/02\/hotel-veraguas.jpg);\"><\/div>\n\t\t\t<div class=\"et_pb_container clearfix\">\n\t\t\t\t\n\t\t\t\t<div class=\"et_pb_slide_description\">\n\t\t\t\t\t\n\t\t\t\t\t<div class=\"et_pb_slide_content\"><\/div>\n\t\t\t\t\t\n\t\t\t\t<\/div> <!-- .et_pb_slide_description -->\n\t\t\t<\/div> <!-- .et_pb_container -->\n\t\t\t\n\t\t<\/div> <!-- .et_pb_slide -->\n\t\t<div class=\"et_pb_slide et_pb_bg_layout_dark et_pb_media_alignment_center\" style='background-color:#ffffff;'>\n\t\t\t<div class=\"et_parallax_bg\" style=\"background-image: url(https:\/\/puntaduarte.com\/wp-content\/uploads\/2014\/02\/room3-puntaduarte.jpg);\"><\/div>\n\t\t\t<div class=\"et_pb_container clearfix\">\n\t\t\t\t\n\t\t\t\t<div class=\"et_pb_slide_description\">\n\t\t\t\t\t\n\t\t\t\t\t<div class=\"et_pb_slide_content\"><\/div>\n\t\t\t\t\t\n\t\t\t\t<\/div> <!-- .et_pb_slide_description -->\n\t\t\t<\/div> <!-- .et_pb_container -->\n\t\t\t\n\t\t<\/div> <!-- .et_pb_slide -->\n\t\t\n\t\t\t<\/div> <!-- .et_pb_slides -->\n\t\t<\/div> <!-- .et_pb_slider -->\n\t\t\n\t\t\t\n\t\t<\/div> <!-- .et_pb_section --><div class=\"et_pb_section et_section_regular\">\n\t\t\t\n\t\t\t\n\t\t\t\t\n\t\t\t\t<div class=\"et_pb_row\">\n\t\t\t<div class=\"et_pb_column et_pb_column_1_3\">\n\t\t\t<div class=\"et_pb_text et_pb_bg_layout_light et_pb_text_align_left\">\n\t\t\t\n<h1>Punta Duarte Garden Inn, Veraguas, Panam\u00e1<\/h1>\n<p>Le invitamos a que venga, se hospede y disfrute del para\u00edso a la orilla del mar en el \u00abPunta Duarte Garden Inn\u00bb, nuestro&nbsp; hotel&nbsp; boutique en la Sunset Coast de Azuero. La Sunset Coast de Panam\u00e1 se encuentra al sur de Santiago de Veraguas, y termina en el extremo sur de Azuero con el Parque Nacional Cerro Hoya. Fant\u00e1sticas playas de arena se alternan con escarpadas playas de lava y bosques tropicales. A los que viajan mucho les recordar\u00e1 a Manuel Antonio en Costa Rica o a Hawai. La zona fue olvidada durante mucho tiempo y desarrollada s\u00f3lo en los \u00faltimos a\u00f1os. Punta Duarte se encuentra en medio de la Sunset Coast de Azuero. Desde aqu\u00ed la zona costera se extiende unos 25 km en ambas direcciones. La Sunset Coast de Azuero es actualmente un lugar de moda para los pescadores y las personas que buscan una propiedad.<\/p>\n\n\t\t<\/div> <!-- .et_pb_text -->\n\t\t<\/div> <!-- .et_pb_column --><div class=\"et_pb_column et_pb_column_1_3\">\n\t\t\t<div class=\"et_pb_text et_pb_bg_layout_light et_pb_text_align_left\">\n\t\t\tEl hotel Punta Duarte Garden Inn ofrece 8 luminosas y amplias habitaciones.<\/p>\n<p>Si quiere disfrutar de playas solitarias y tranquilidad, ha encontrado el lugar adecuado. En los alrededores del hotel no hay bares ni discotecas. A prop\u00f3sito, todas las fotos de este sitio, excepto las de las excursiones, son de nuestro terreno.<\/p>\n<p>Disfrute de maravillosas playas, con calas apartadas, aguas turquesas, islas costeras y palmeras.<\/p>\n<p>La finca tiene unas 170 hect\u00e1reas, con playas, bosques y prados. Desde la entrada de la carretera principal hasta nuestro hotel en la playa son unos 4 km. Por favor, tenga en cuenta que nuestra entrada est\u00e1 candada y, por lo tanto, es absolutamente necesario llamar antes. \n\t\t<\/div> <!-- .et_pb_text -->\n\t\t<\/div> <!-- .et_pb_column --><div class=\"et_pb_column et_pb_column_1_3\">\n\t\t\t<div class=\"et_pb_text et_pb_bg_layout_light et_pb_text_align_left\">\n\t\t\t\n<p><iframe loading=\"lazy\" src=\"\/\/www.youtube.com\/embed\/U_6oT83fAGE?rel=0\" width=\"320\" height=\"175\" frameborder=\"0\" allowfullscreen=\"allowfullscreen\"><\/iframe>Esperamos tener la oportunidad de mostrarle las hermosas vistas y la belleza natural que ofrece nuestro hotel boutique frente al mar.<\/p>\n<p><img loading=\"lazy\" decoding=\"async\" class=\"aligncenter size-full wp-image-86\" src=\"https:\/\/puntaduarte.com\/wp-content\/uploads\/2014\/03\/hotel-veraguas.jpg\" alt=\"hotel veraguas, Panama\" width=\"320\" height=\"213\" srcset=\"https:\/\/puntaduarte.com\/wp-content\/uploads\/2014\/03\/hotel-veraguas.jpg 320w, https:\/\/puntaduarte.com\/wp-content\/uploads\/2014\/03\/hotel-veraguas-300x199.jpg 300w\" sizes=\"auto, (max-width: 320px) 100vw, 320px\" \/>\n\t\t<\/div> <!-- .et_pb_text -->\n\t\t<\/div> <!-- .et_pb_column -->\n\t\t<\/div> <!-- .et_pb_row -->\n\t\t\t\n\t\t<\/div> <!-- .et_pb_section --><\/p>\n","protected":false},"excerpt":{"rendered":"","protected":false},"author":1,"featured_media":0,"parent":0,"menu_order":0,"comment_status":"closed","ping_status":"open","template":"","meta":{"footnotes":""},"class_list":["post-569","page","type-page","status-publish","hentry"],"_links":{"self":[{"href":"https:\/\/puntaduarte.com\/es\/wp-json\/wp\/v2\/pages\/569","targetHints":{"allow":["GET"]}}],"collection":[{"href":"https:\/\/puntaduarte.com\/es\/wp-json\/wp\/v2\/pages"}],"about":[{"href":"https:\/\/puntaduarte.com\/es\/wp-json\/wp\/v2\/types\/page"}],"author":[{"embeddable":true,"href":"https:\/\/puntaduarte.com\/es\/wp-json\/wp\/v2\/users\/1"}],"replies":[{"embeddable":true,"href":"https:\/\/puntaduarte.com\/es\/wp-json\/wp\/v2\/comments?post=569"}],"version-history":[{"count":9,"href":"https:\/\/puntaduarte.com\/es\/wp-json\/wp\/v2\/pages\/569\/revisions"}],"predecessor-version":[{"id":235427,"href":"https:\/\/puntaduarte.com\/es\/wp-json\/wp\/v2\/pages\/569\/revisions\/235427"}],"wp:attachment":[{"href":"https:\/\/puntaduarte.com\/es\/wp-json\/wp\/v2\/media?parent=569"}],"curies":[{"name":"wp","href":"https:\/\/api.w.org\/{rel}","templated":true}]}}